{"id":15,"date":"2022-08-23T19:58:43","date_gmt":"2022-08-23T17:58:43","guid":{"rendered":"http:\/\/reparacionesmvg-es.preview-domain.com\/?page_id=15"},"modified":"2024-05-17T11:24:34","modified_gmt":"2024-05-17T11:24:34","slug":"inicio","status":"publish","type":"page","link":"https:\/\/reparacionesmvg.es\/","title":{"rendered":"Reparaciones"},"content":{"rendered":"\n<div class=\"wp-block-cover alignfull is-light\"><span aria-hidden=\"true\" class=\"wp-block-cover__background has-background-dim\"><\/span><img loading=\"lazy\" width=\"474\" height=\"474\" class=\"wp-block-cover__image-background wp-image-767\" alt=\"\" src=\"https:\/\/reparacionesmvg.es\/wp-content\/uploads\/2022\/10\/th-20.jpg\" data-object-fit=\"cover\" srcset=\"https:\/\/reparacionesmvg.es\/wp-content\/uploads\/2022\/10\/th-20.jpg 474w, https:\/\/reparacionesmvg.es\/wp-content\/uploads\/2022\/10\/th-20-300x300.jpg 300w, https:\/\/reparacionesmvg.es\/wp-content\/uploads\/2022\/10\/th-20-150x150.jpg 150w\" sizes=\"(max-width: 474px) 100vw, 474px\" \/><div class=\"wp-block-cover__inner-container\">\n<p class=\"has-text-align-center has-background-color has-text-color\" style=\"font-size:1.8rem\"><strong>Multiservicios 24\/7<\/strong><\/p>\n<\/div><\/div>\n\n\n\n<div class=\"wp-block-media-text is-stacked-on-mobile \\&quot;wp-block-media-text\" style=\"grid-template-columns:15% auto\"><figure class=\"wp-block-media-text__media\"><img loading=\"lazy\" width=\"937\" height=\"999\" src=\"https:\/\/reparacionesmvg.es\/wp-content\/uploads\/2022\/10\/logoc-2.png\" alt=\"\" class=\"wp-image-653 size-full\" srcset=\"https:\/\/reparacionesmvg.es\/wp-content\/uploads\/2022\/10\/logoc-2.png 937w, https:\/\/reparacionesmvg.es\/wp-content\/uploads\/2022\/10\/logoc-2-281x300.png 281w, https:\/\/reparacionesmvg.es\/wp-content\/uploads\/2022\/10\/logoc-2-768x819.png 768w\" sizes=\"(max-width: 937px) 100vw, 937px\" \/><\/figure><div class=\"wp-block-media-text__content\">\n<p class=\"\\&quot;has-black-color\" style=\"font-size:1.3rem\"><em>En reparacionesmvg somos  profesionales dedicados a resolver todo tipo de aver\u00edas las 24 horas del d\u00eda y los 7 d\u00edas de las semana. Las aver\u00edas de tu vivienda o de tu negocio ya no ser\u00e1n un problema, nuestros trabajos son 100% garantizados.<\/em><\/p>\n<\/div><\/div>\n\n\n\n<p class=\"has-text-align-center \\&quot;has-text-align-center has-text-color has-large-font-size\" style=\"color:#f4e10c\"><strong>No pagues de mas por tus reparaciones, nuestros trabajos son mas econ\u00f3micos porque no existen intermediarios.<\/strong><\/p>\n\n\n\n<p><img src=\"https:\/\/s.w.org\/images\/core\/emoji\/14.0.0\/svg\/1f947.svg\" alt=\"\ud83e\udd47\" style=\"width: 30px;\">&nbsp;<strong>ATENCI\u00d3N EN EL D\u00cdA<\/strong><br><em>Podemos atender cualquier instalaci\u00f3n o reparaci\u00f3n el mismo d\u00eda de su llamada.<\/em><\/p>\n\n\n\n<p><img src=\"https:\/\/s.w.org\/images\/core\/emoji\/14.0.0\/svg\/1f947.svg\" alt=\"\ud83e\udd47\" style=\"width: 30px;\">&nbsp;<strong>TRABAJOS CON GARANT\u00cdA<\/strong><br><em>Todos nuestros trabajos est\u00e1n garantizados por escrito con el fin de ofrecerle un servicio de calidad.<\/em><\/p>\n\n\n\n<p><img src=\"https:\/\/s.w.org\/images\/core\/emoji\/14.0.0\/svg\/1f947.svg\" alt=\"\ud83e\udd47\" style=\"width: 30px;\">&nbsp;<strong>MEJOR PRECIO GARANTIZADO<\/strong><br><em>Ofrecemos el servicio m\u00e1s econ\u00f3mico en el sector. Si ya tiene un presupuesto<\/em>\u2026<strong>\u00a1Se lo Mejoramos!<\/strong><\/p>\n\n\n\n<p><img style=\"width: 30px;\" src=\"https:\/\/s.w.org\/images\/core\/emoji\/14.0.0\/svg\/1f947.svg\" alt=\"\ud83e\udd47\">&nbsp;<strong>SIN INTERMEDIARIOS<\/strong><br><em>Hasta un 50% de Descuento en Mano de Obra. Obtenga un mayor ahorro en su factura<\/em>.<\/p>\n\n\n\n<p class=\"has-black-color has-text-color\"><strong>Ll\u00e1manos al, 644.81.33.59<\/strong><\/p>\n\n\n\n<div class=\"wp-container-6 wp-block-columns\">\n<div class=\"wp-container-5 wp-block-column\">\n<div class=\"wp-container-4 wp-block-columns\">\n<div class=\"wp-container-3 wp-block-column\">\n<div class=\"wp-container-2 wp-block-columns\">\n<div class=\"wp-container-1 wp-block-column\"><\/div>\n<\/div>\n<\/div>\n<\/div>\n<\/div>\n<\/div>\n\n\n\n<div class=\"wp-container-8 wp-block-columns \\&quot;wp-block-columns\">\n<div class=\"wp-container-7 wp-block-column \\&quot;wp-block-column\"><div class=\"wp-block-image \\\"wp-block-image is-style-default\">\n<figure class=\"aligncenter size-full is-resized \\&quot;wp-block-image\"><a href=\"https:\/\/reparacionesmvg.es\/?page_id=753\"><img loading=\"lazy\" src=\"https:\/\/reparacionesmvg.es\/wp-content\/uploads\/2022\/12\/fontanero.png\" alt=\"\" class=\"wp-image-864\" width=\"530\" height=\"278\"\/><\/a><\/figure><\/div>\n\n\n<p class=\"has-text-align-center has-black-color has-text-color has-large-font-size\"><strong><a href=\"http:\/\/reparacionesmvg.es\/?page_id=753\" title=\"\">FONTANERO<\/a><\/strong><\/p>\n\n\n\n<p class=\"\\&quot;has-text-align-center\\&quot;\" style=\"font-size:1.2rem\">   <em>Ofrecemos un servicio especializado en Fontaner\u00eda General, brindando soluciones inmediatas.<\/em><\/p>\n<\/div>\n<\/div>\n\n\n\n<div class=\"wp-container-11 wp-block-columns\">\n<div class=\"wp-container-10 wp-block-column\">\n<figure class=\"wp-block-image size-full is-resized is-style-default\"><a href=\"https:\/\/reparacionesmvg.es\/?page_id=738\" target=\"_blank\" rel=\"noreferrer noopener\"><img loading=\"lazy\" src=\"https:\/\/reparacionesmvg.es\/wp-content\/uploads\/2022\/12\/electricista.png\" alt=\"\" class=\"wp-image-866\" width=\"535\" height=\"382\" srcset=\"https:\/\/reparacionesmvg.es\/wp-content\/uploads\/2022\/12\/electricista.png 530w, https:\/\/reparacionesmvg.es\/wp-content\/uploads\/2022\/12\/electricista-300x214.png 300w\" sizes=\"(max-width: 535px) 100vw, 535px\" \/><\/a><\/figure>\n\n\n\n<p><\/p>\n\n\n\n<p class=\"has-text-align-center\"><strong><a href=\"http:\/\/reparacionesmvg.es\/?page_id=738\" title=\"ELECTRICISTA\">ELECTRICISTA<\/a><\/strong><\/p>\n\n\n\n<div class=\"wp-container-9 wp-block-group\"><div class=\"wp-block-group__inner-container\">\n<p style=\"font-size:1.2rem\">   <em>Reparaciones de aver\u00edas e instalaciones el\u00e9ctricas de tu vivienda o negocio con gastos de mano de obra y material incluido.<\/em><\/p>\n<\/div><\/div>\n<\/div>\n<\/div>\n\n\n\n<figure class=\"wp-block-image size-full is-resized is-style-default\"><a href=\"https:\/\/reparacionesmvg.es\/?page_id=727\"><img loading=\"lazy\" src=\"https:\/\/reparacionesmvg.es\/wp-content\/uploads\/2024\/05\/persianas.jpg\" alt=\"\" class=\"wp-image-958\" width=\"534\" height=\"534\" srcset=\"https:\/\/reparacionesmvg.es\/wp-content\/uploads\/2024\/05\/persianas.jpg 290w, https:\/\/reparacionesmvg.es\/wp-content\/uploads\/2024\/05\/persianas-150x150.jpg 150w\" sizes=\"(max-width: 534px) 100vw, 534px\" \/><\/a><\/figure>\n\n\n\n<p class=\"has-text-align-center\"><strong><a href=\"https:\/\/reparacionesmvg.es\/?page_id=727\">PERSIANERO<\/a><\/strong><\/p>\n\n\n\n<p>  <em>Necesitas un cambio de persiana o esta atascada, la cinta esta rota? Sea cual sea tu incidencia no dudes en llamarnos ahora y  te ofreceremos una visita lo antes posible<\/em><\/p>\n\n\n\n<div class=\"wp-block-uagb-container uagb-block-3d3beec0 default uagb-is-root-container\">\n<iframe src=\"https:\/\/www.google.com\/maps\/embed?pb=!1m18!1m12!1m3!1d400337.6722922226!2d-0.8302912232909908!3d38.38049350140411!2m3!1f0!2f0!3f0!3m2!1i1024!2i768!4f13.1!3m3!1m2!1s0xd6235da3b9dab4b%3A0x1d7da872ac0b81e3!2sAlicante%20(Alacant)%2C%20Alicante!5e0!3m2!1ses!2ses!4v1715883722996!5m2!1ses!2ses\" width=\"600\" height=\"450\" style=\"border:0;\" allowfullscreen=\"\" loading=\"lazy\" referrerpolicy=\"no-referrer-when-downgrade\"><\/iframe>\n<\/div>\n\n\n\n<div class=\"wp-block-uagb-forms uagb-forms__outer-wrap uagb-block-a1e5f3a3 uagb-forms__medium-btn\"><form class=\"uagb-forms-main-form\" method=\"post\" autocomplete=\"on\" name=\"uagb-form-a1e5f3a3\">\n<div class=\"wp-block-uagb-forms-name uagb-forms-name-wrap uagb-forms-field-set uagb-block-08f19441\"><div class=\"uagb-forms-name-label obligatorio uagb-forms-input-label\" id=\"08f19441\">Nombre<\/div><input type=\"text\" placeholder=\"Juan\" required class=\"uagb-forms-name-input uagb-forms-input\" name=\"08f19441\" autocomplete=\"given-name\"\/><\/div>\n\n\n\n<div class=\"wp-block-uagb-forms-name uagb-forms-name-wrap uagb-forms-field-set uagb-block-bea40435\"><div class=\"uagb-forms-name-label obligatorio uagb-forms-input-label\" id=\"bea40435\">Apellidos<\/div><input type=\"text\" placeholder=\"P\u00e9rez\" required class=\"uagb-forms-name-input uagb-forms-input\" name=\"bea40435\" autocomplete=\"family-name\"\/><\/div>\n\n\n\n<div class=\"wp-block-uagb-forms-email uagb-forms-email-wrap uagb-forms-field-set uagb-block-005d5ebe\"><div class=\"uagb-forms-email-label  uagb-forms-input-label\" id=\"005d5ebe\">Correo electr\u00f3nico<\/div><input type=\"email\" class=\"uagb-forms-email-input uagb-forms-input\" placeholder=\"ejemplo@correo.es\" name=\"005d5ebe\" autocomplete=\"email\"\/><\/div>\n\n\n\n<div class=\"wp-block-uagb-forms-textarea uagb-forms-textarea-wrap uagb-forms-field-set uagb-block-18a91c10\"><div class=\"uagb-forms-textarea-label obligatorio uagb-forms-input-label\" id=\"18a91c10\">Mensaje<\/div><textarea required class=\"uagb-forms-textarea-input uagb-forms-input\" rows=\"4\" placeholder=\"Introduce tu mensaje\" name=\"18a91c10\" autocomplete=\"off\"><\/textarea><\/div>\n<div class=\"uagb-forms-form-hidden-data\"><input type=\"hidden\" class=\"uagb_forms_form_label\" value=\"Formulario Spectra\"\/><input type=\"hidden\" class=\"uagb_forms_form_id\" value=\"uagb-form-a1e5f3a3\"\/><\/div><div class=\"uagb-form-reacaptcha-error-a1e5f3a3\"><\/div><div class=\"uagb-forms-main-submit-button-wrap wp-block-button\"><button class=\"uagb-forms-main-submit-button wp-block-button__link\"><div class=\"uagb-forms-main-submit-button-text\">Enviar<\/div><\/button><\/div><\/form><div class=\"uagb-forms-success-message-a1e5f3a3 uagb-forms-submit-message-hide\"><span>\u00a1El formulario ha sido enviado correctamente!<\/span><\/div><div class=\"uagb-forms-failed-message-a1e5f3a3 uagb-forms-submit-message-hide\"><span>Ha ocurrido alg\u00fan error al enviar el formulario. Por favor, revisa de nuevo todos los campos.<\/span><\/div><\/div>\n\n\n\n<p><strong>Nuestros servicios son r\u00e1pidos, estamos disponibles en:<\/strong><\/p>\n\n\n\n<div class=\"wp-container-12 wp-block-group\"><div class=\"wp-block-group__inner-container\">\n<p>Alicante, San juan, Villajoyosa, Benidorm, elche, Altea, Calpe. Campello, Finestrat, Jijona, Altea, Calpe, Campello, Finestrat, Jijona, Santa Pola, Torrevieja, Guardamar  <\/p>\n<\/div><\/div>\n\n\n\n<p>                        <\/p>\n","protected":false},"excerpt":{"rendered":"<p>En reparacionesmvg somos profesionales dedicados a resolver todo tipo de aver\u00edas las 24 horas del d\u00eda y los 7 d\u00edas de las semana. Las aver\u00edas de tu vivienda o de tu negocio ya no ser\u00e1n un problema, nuestros trabajos son 100% garantizados. No pagues de mas por tus reparaciones, nuestros trabajos son mas econ\u00f3micos porque&hellip; <a class=\"more-link\" href=\"https:\/\/reparacionesmvg.es\/\">Seguir leyendo <span class=\"screen-reader-text\">Reparaciones<\/span><\/a><\/p>\n","protected":false},"author":1,"featured_media":0,"parent":0,"menu_order":0,"comment_status":"closed","ping_status":"closed","template":"","meta":{"om_disable_all_campaigns":false,"inline_featured_image":false,"_monsterinsights_skip_tracking":false,"_monsterinsights_sitenote_active":false,"_monsterinsights_sitenote_note":"","_monsterinsights_sitenote_category":0},"aioseo_notices":[],"uagb_featured_image_src":{"full":false,"thumbnail":false,"medium":false,"medium_large":false,"large":false,"1536x1536":false,"2048x2048":false,"post-thumbnail":false},"uagb_author_info":{"display_name":"aliensr85@gmail.com","author_link":"https:\/\/reparacionesmvg.es\/?author=1"},"uagb_comment_info":0,"uagb_excerpt":"En reparacionesmvg somos profesionales dedicados a resolver todo tipo de aver\u00edas las 24 horas del d\u00eda y los 7 d\u00edas de las semana. Las aver\u00edas de tu vivienda o de tu negocio ya no ser\u00e1n un problema, nuestros trabajos son 100% garantizados. No pagues de mas por tus reparaciones, nuestros trabajos son mas econ\u00f3micos porque&hellip;&hellip;","_links":{"self":[{"href":"https:\/\/reparacionesmvg.es\/index.php?rest_route=\/wp\/v2\/pages\/15"}],"collection":[{"href":"https:\/\/reparacionesmvg.es\/index.php?rest_route=\/wp\/v2\/pages"}],"about":[{"href":"https:\/\/reparacionesmvg.es\/index.php?rest_route=\/wp\/v2\/types\/page"}],"author":[{"embeddable":true,"href":"https:\/\/reparacionesmvg.es\/index.php?rest_route=\/wp\/v2\/users\/1"}],"replies":[{"embeddable":true,"href":"https:\/\/reparacionesmvg.es\/index.php?rest_route=%2Fwp%2Fv2%2Fcomments&post=15"}],"version-history":[{"count":113,"href":"https:\/\/reparacionesmvg.es\/index.php?rest_route=\/wp\/v2\/pages\/15\/revisions"}],"predecessor-version":[{"id":997,"href":"https:\/\/reparacionesmvg.es\/index.php?rest_route=\/wp\/v2\/pages\/15\/revisions\/997"}],"wp:attachment":[{"href":"https:\/\/reparacionesmvg.es\/index.php?rest_route=%2Fwp%2Fv2%2Fmedia&parent=15"}],"curies":[{"name":"wp","href":"https:\/\/api.w.org\/{rel}","templated":true}]}}