{"id":727,"date":"2022-10-04T16:43:12","date_gmt":"2022-10-04T16:43:12","guid":{"rendered":"https:\/\/reparacionesmvg.es\/?page_id=727"},"modified":"2024-05-17T12:03:10","modified_gmt":"2024-05-17T12:03:10","slug":"727-2","status":"publish","type":"page","link":"https:\/\/reparacionesmvg.es\/?page_id=727","title":{"rendered":"Persianero"},"content":{"rendered":"\n<div class=\"wp-block-cover is-light\"><span aria-hidden=\"true\" class=\"wp-block-cover__background has-background-dim\"><\/span><img loading=\"lazy\" width=\"455\" height=\"385\" class=\"wp-block-cover__image-background wp-image-897\" alt=\"\" src=\"https:\/\/reparacionesmvg.es\/wp-content\/uploads\/2023\/01\/portada-3.png-2-3.png\" data-object-fit=\"cover\" srcset=\"https:\/\/reparacionesmvg.es\/wp-content\/uploads\/2023\/01\/portada-3.png-2-3.png 455w, https:\/\/reparacionesmvg.es\/wp-content\/uploads\/2023\/01\/portada-3.png-2-3-300x254.png 300w\" sizes=\"(max-width: 455px) 100vw, 455px\" \/><div class=\"wp-block-cover__inner-container\">\n<p class=\"has-text-align-center has-large-font-size\"><strong>TODO PERSIANAS<\/strong><\/p>\n<\/div><\/div>\n\n\n\n<div class=\"wp-container-6 wp-block-columns\">\n<div class=\"wp-container-5 wp-block-column\">\n<div class=\"wp-container-4 wp-block-columns\">\n<div class=\"wp-container-3 wp-block-column\">\n<div class=\"wp-container-2 wp-block-columns\">\n<div class=\"wp-container-1 wp-block-column\">\n<h2 class=\"has-text-align-center has-black-color has-text-color has-large-font-size\"><strong>PERSIANERO<\/strong><\/h2>\n\n\n\n<p style=\"font-size:1.2rem\">  <em>En nuestro servicios de persianas, efectuamos el arreglo de una forma muy eficaz y fiable, no dejes de arreglarla por el hecho de que se deterioro de nuevo\u2026 te ofrecemos garant\u00edas para tu satisfacci\u00f3n.<\/em><\/p>\n\n\n\n<p style=\"font-size:1.2rem\">  <em>Contamos con todos los accesorios necesarios para arreglar tu persiana de una forma f\u00e1cil y c\u00f3moda, sin sustituirla entera.<\/em><\/p>\n\n\n\n<p style=\"font-size:1.2rem\">  <em>Puedes llamarnos si buscas un instalador de persianas con motores o con sistemas dom\u00f3ticos.<\/em><\/p>\n\n\n\n<p style=\"font-size:1.2rem\">  <em>Si tiene problemas con su persiana y piensa que debe ser arreglada o reparada, ha encontrado la empresa adecuada que puede hacer el tipo de trabajo adecuado.<\/em><\/p>\n\n\n\n<p>\ud83e\udd47&nbsp;<strong>ATENCI\u00d3N EN EL D\u00cdA<\/strong><br><em>Podemos atender cualquier instalaci\u00f3n o reparaci\u00f3n el mismo d\u00eda de su llamada.<\/em><\/p>\n\n\n\n<p>\ud83e\udd47&nbsp;<strong>TRABAJOS CON GARANT\u00cdA<\/strong><br><em>Todos nuestros trabajos est\u00e1n garantizados por escrito con el fin de ofrecerle un servicio de calidad.<\/em><\/p>\n\n\n\n<p>\ud83e\udd47&nbsp;<strong>MEJOR PRECIO GARANTIZADO<\/strong><br><em>Ofrecemos el servicio m\u00e1s econ\u00f3mico en el sector. Si ya tiene un presupuesto<\/em>&#8230;<strong>\u00a1Se lo Mejoramos!<\/strong><\/p>\n\n\n\n<p>\ud83e\udd47&nbsp;<strong>SIN INTERMEDIARIOS<\/strong><br><em>Hasta un 50% de Descuento en Mano de Obra. Obtenga un mayor ahorro en su factura<\/em>. <\/p>\n\n\n\n<p class=\"has-black-color has-text-color\"><strong>Ll\u00e1manos al 644.81.33.59.<\/strong><\/p>\n\n\n\n<p class=\"has-text-color\" style=\"color:#e6f205e0\"><strong>Con precios realmente bajas porque no existen intermediarios, ahorra en tus reparaciones.<\/strong><\/p>\n<\/div>\n<\/div>\n<\/div>\n<\/div>\n<\/div>\n<\/div>\n\n\n\n<div class=\"wp-container-10 wp-block-columns\">\n<div class=\"wp-container-7 wp-block-column\">\n<figure class=\"wp-block-image size-full\"><img loading=\"lazy\" width=\"539\" height=\"386\" src=\"https:\/\/reparacionesmvg.es\/wp-content\/uploads\/2022\/10\/Sin-titulo-7.png\" alt=\"\" class=\"wp-image-729\" srcset=\"https:\/\/reparacionesmvg.es\/wp-content\/uploads\/2022\/10\/Sin-titulo-7.png 539w, https:\/\/reparacionesmvg.es\/wp-content\/uploads\/2022\/10\/Sin-titulo-7-300x215.png 300w\" sizes=\"(max-width: 539px) 100vw, 539px\" \/><\/figure>\n\n\n\n<p class=\"has-text-align-center has-white-color has-text-color has-medium-font-size\"><strong>INSTALACIONES<\/strong><\/p>\n\n\n\n<p style=\"font-size:1.2rem\"><em>Especialistas en la instalaci\u00f3n y sustituci\u00f3n de persianas, mosquiteras, compactos. Contamos con los mejores materiales al precio mas competitivo del mercado.<\/em><\/p>\n<\/div>\n\n\n\n<div class=\"wp-container-8 wp-block-column\">\n<figure class=\"wp-block-image size-full\"><img loading=\"lazy\" width=\"538\" height=\"387\" src=\"https:\/\/reparacionesmvg.es\/wp-content\/uploads\/2022\/10\/Sin-titulo-8.png\" alt=\"\" class=\"wp-image-730\" srcset=\"https:\/\/reparacionesmvg.es\/wp-content\/uploads\/2022\/10\/Sin-titulo-8.png 538w, https:\/\/reparacionesmvg.es\/wp-content\/uploads\/2022\/10\/Sin-titulo-8-300x216.png 300w\" sizes=\"(max-width: 538px) 100vw, 538px\" \/><\/figure>\n\n\n\n<p class=\"has-text-align-center has-white-color has-text-color has-medium-font-size\"><strong>REPARACIONES<\/strong><\/p>\n\n\n\n<p style=\"font-size:1.2rem\"><em>Persianas atascadas, persianas descolgadas, cambio de recogedores, cambio de cintas de persianas, sustituimos tornos<\/em><\/p>\n<\/div>\n\n\n\n<div class=\"wp-container-9 wp-block-column\">\n<figure class=\"wp-block-image size-full\"><img loading=\"lazy\" width=\"536\" height=\"386\" src=\"https:\/\/reparacionesmvg.es\/wp-content\/uploads\/2022\/10\/Sin-titulo-9.png\" alt=\"\" class=\"wp-image-731\" srcset=\"https:\/\/reparacionesmvg.es\/wp-content\/uploads\/2022\/10\/Sin-titulo-9.png 536w, https:\/\/reparacionesmvg.es\/wp-content\/uploads\/2022\/10\/Sin-titulo-9-300x216.png 300w\" sizes=\"(max-width: 536px) 100vw, 536px\" \/><\/figure>\n\n\n\n<p class=\"has-text-align-center has-white-color has-text-color has-medium-font-size\"><strong>MOTORIZACION<\/strong><\/p>\n\n\n\n<p style=\"font-size:1.2rem\"><em>Reparaci\u00f3n e instalaci\u00f3n de persianas autom\u00e1ticas. Motorizaci\u00f3n de persianas y cierres enrollables<\/em><\/p>\n<\/div>\n<\/div>\n\n\n\n<div class=\"wp-container-14 wp-block-columns\">\n<div class=\"wp-container-11 wp-block-column\">\n<figure class=\"wp-block-image size-full\"><img loading=\"lazy\" width=\"453\" height=\"378\" src=\"https:\/\/reparacionesmvg.es\/wp-content\/uploads\/2023\/01\/mecanismo.png\" alt=\"\" class=\"wp-image-898\" srcset=\"https:\/\/reparacionesmvg.es\/wp-content\/uploads\/2023\/01\/mecanismo.png 453w, https:\/\/reparacionesmvg.es\/wp-content\/uploads\/2023\/01\/mecanismo-300x250.png 300w\" sizes=\"(max-width: 453px) 100vw, 453px\" \/><\/figure>\n\n\n\n<p>\u00bfMecanismo en mal estado?<\/p>\n<\/div>\n\n\n\n<div class=\"wp-container-12 wp-block-column\">\n<figure class=\"wp-block-image size-full is-resized\"><img src=\"https:\/\/reparacionesmvg.es\/wp-content\/uploads\/2023\/01\/PUERTA-DE-GARAGE-1.png\" alt=\"\" class=\"wp-image-899\" width=\"453\" srcset=\"https:\/\/reparacionesmvg.es\/wp-content\/uploads\/2023\/01\/PUERTA-DE-GARAGE-1.png 379w, https:\/\/reparacionesmvg.es\/wp-content\/uploads\/2023\/01\/PUERTA-DE-GARAGE-1-298x300.png 298w, https:\/\/reparacionesmvg.es\/wp-content\/uploads\/2023\/01\/PUERTA-DE-GARAGE-1-150x150.png 150w\" sizes=\"(max-width: 379px) 100vw, 379px\" \/><\/figure>\n\n\n\n<p>Instalaciones de puertas para tu garaje.<\/p>\n<\/div>\n\n\n\n<div class=\"wp-container-13 wp-block-column\">\n<figure class=\"wp-block-image size-full\"><img loading=\"lazy\" width=\"453\" height=\"380\" src=\"https:\/\/reparacionesmvg.es\/wp-content\/uploads\/2023\/01\/cinta-rota.png\" alt=\"\" class=\"wp-image-900\" srcset=\"https:\/\/reparacionesmvg.es\/wp-content\/uploads\/2023\/01\/cinta-rota.png 453w, https:\/\/reparacionesmvg.es\/wp-content\/uploads\/2023\/01\/cinta-rota-300x252.png 300w\" sizes=\"(max-width: 453px) 100vw, 453px\" \/><\/figure>\n\n\n\n<p>Cambio de cintas rota.<\/p>\n<\/div>\n<\/div>\n\n\n\n<div class=\"wp-container-18 wp-block-columns\">\n<div class=\"wp-container-15 wp-block-column\">\n<figure class=\"wp-block-image size-full\"><img loading=\"lazy\" width=\"453\" height=\"379\" src=\"https:\/\/reparacionesmvg.es\/wp-content\/uploads\/2023\/01\/motor-de-per.png\" alt=\"\" class=\"wp-image-901\" srcset=\"https:\/\/reparacionesmvg.es\/wp-content\/uploads\/2023\/01\/motor-de-per.png 453w, https:\/\/reparacionesmvg.es\/wp-content\/uploads\/2023\/01\/motor-de-per-300x251.png 300w\" sizes=\"(max-width: 453px) 100vw, 453px\" \/><\/figure>\n\n\n\n<p>Instalaci\u00f3n o sustituci\u00f3n de motores.<\/p>\n<\/div>\n\n\n\n<div class=\"wp-container-16 wp-block-column\">\n<figure class=\"wp-block-image size-full\"><img loading=\"lazy\" width=\"456\" height=\"380\" src=\"https:\/\/reparacionesmvg.es\/wp-content\/uploads\/2023\/01\/lamas-rotas.png\" alt=\"\" class=\"wp-image-902\" srcset=\"https:\/\/reparacionesmvg.es\/wp-content\/uploads\/2023\/01\/lamas-rotas.png 456w, https:\/\/reparacionesmvg.es\/wp-content\/uploads\/2023\/01\/lamas-rotas-300x250.png 300w\" sizes=\"(max-width: 456px) 100vw, 456px\" \/><\/figure>\n\n\n\n<p>Reemplazo de lamas rotas.<\/p>\n<\/div>\n\n\n\n<div class=\"wp-container-17 wp-block-column\">\n<figure class=\"wp-block-image size-full\"><img loading=\"lazy\" width=\"451\" height=\"381\" src=\"https:\/\/reparacionesmvg.es\/wp-content\/uploads\/2023\/01\/mosquitero.png\" alt=\"\" class=\"wp-image-903\" srcset=\"https:\/\/reparacionesmvg.es\/wp-content\/uploads\/2023\/01\/mosquitero.png 451w, https:\/\/reparacionesmvg.es\/wp-content\/uploads\/2023\/01\/mosquitero-300x253.png 300w\" sizes=\"(max-width: 451px) 100vw, 451px\" \/><\/figure>\n\n\n\n<p>Instalaci\u00f3n de mosquiteros.<\/p>\n<\/div>\n<\/div>\n\n\n\n<p>Que los problemas con tus persianas ya no sean un dolor de cabeza para ti. <\/p>\n\n\n\n<div class=\"wp-container-19 wp-block-group\"><div class=\"wp-block-group__inner-container\"><\/div><\/div>\n\n\n\n<div class=\"wp-container-20 wp-block-group\"><div class=\"wp-block-group__inner-container\">\n<iframe src=\"https:\/\/www.google.com\/maps\/embed?pb=!1m18!1m12!1m3!1d400337.6722922226!2d-0.8302912232909908!3d38.38049350140411!2m3!1f0!2f0!3f0!3m2!1i1024!2i768!4f13.1!3m3!1m2!1s0xd6235da3b9dab4b%3A0x1d7da872ac0b81e3!2sAlicante%20(Alacant)%2C%20Alicante!5e0!3m2!1ses!2ses!4v1715883722996!5m2!1ses!2ses\" width=\"600\" height=\"450\" style=\"border:0;\" allowfullscreen=\"\" loading=\"lazy\" referrerpolicy=\"no-referrer-when-downgrade\"><\/iframe>\n<\/div><\/div>\n\n\n\n<p><strong>Nuestros servicios son r\u00e1pidos, estamos disponibles en:<\/strong><\/p>\n\n\n\n<p>Alicante, San juan, Villajoyosa, Benidorm, elche, Altea, Calpe. Campello, Finestrat, Jijona, Altea, Calpe, Campello, Finestrat, Jijona, Santa Pola, Torrevieja, Guardamar<\/p>\n","protected":false},"excerpt":{"rendered":"<p>PERSIANERO En nuestro servicios de persianas, efectuamos el arreglo de una forma muy eficaz y fiable, no dejes de arreglarla por el hecho de que se deterioro de nuevo\u2026 te ofrecemos garant\u00edas para tu satisfacci\u00f3n. Contamos con todos los accesorios necesarios para arreglar tu persiana de una forma f\u00e1cil y c\u00f3moda, sin sustituirla entera. Puedes&hellip; <a class=\"more-link\" href=\"https:\/\/reparacionesmvg.es\/?page_id=727\">Seguir leyendo <span class=\"screen-reader-text\">Persianero<\/span><\/a><\/p>\n","protected":false},"author":1,"featured_media":0,"parent":0,"menu_order":0,"comment_status":"closed","ping_status":"closed","template":"","meta":{"om_disable_all_campaigns":false,"inline_featured_image":false,"_monsterinsights_skip_tracking":false,"_monsterinsights_sitenote_active":false,"_monsterinsights_sitenote_note":"","_monsterinsights_sitenote_category":0},"aioseo_notices":[],"uagb_featured_image_src":{"full":false,"thumbnail":false,"medium":false,"medium_large":false,"large":false,"1536x1536":false,"2048x2048":false,"post-thumbnail":false},"uagb_author_info":{"display_name":"aliensr85@gmail.com","author_link":"https:\/\/reparacionesmvg.es\/?author=1"},"uagb_comment_info":0,"uagb_excerpt":"PERSIANERO En nuestro servicios de persianas, efectuamos el arreglo de una forma muy eficaz y fiable, no dejes de arreglarla por el hecho de que se deterioro de nuevo\u2026 te ofrecemos garant\u00edas para tu satisfacci\u00f3n. Contamos con todos los accesorios necesarios para arreglar tu persiana de una forma f\u00e1cil y c\u00f3moda, sin sustituirla entera. Puedes&hellip;&hellip;","_links":{"self":[{"href":"https:\/\/reparacionesmvg.es\/index.php?rest_route=\/wp\/v2\/pages\/727"}],"collection":[{"href":"https:\/\/reparacionesmvg.es\/index.php?rest_route=\/wp\/v2\/pages"}],"about":[{"href":"https:\/\/reparacionesmvg.es\/index.php?rest_route=\/wp\/v2\/types\/page"}],"author":[{"embeddable":true,"href":"https:\/\/reparacionesmvg.es\/index.php?rest_route=\/wp\/v2\/users\/1"}],"replies":[{"embeddable":true,"href":"https:\/\/reparacionesmvg.es\/index.php?rest_route=%2Fwp%2Fv2%2Fcomments&post=727"}],"version-history":[{"count":17,"href":"https:\/\/reparacionesmvg.es\/index.php?rest_route=\/wp\/v2\/pages\/727\/revisions"}],"predecessor-version":[{"id":1000,"href":"https:\/\/reparacionesmvg.es\/index.php?rest_route=\/wp\/v2\/pages\/727\/revisions\/1000"}],"wp:attachment":[{"href":"https:\/\/reparacionesmvg.es\/index.php?rest_route=%2Fwp%2Fv2%2Fmedia&parent=727"}],"curies":[{"name":"wp","href":"https:\/\/api.w.org\/{rel}","templated":true}]}}