{"id":738,"date":"2022-10-04T19:00:24","date_gmt":"2022-10-04T19:00:24","guid":{"rendered":"https:\/\/reparacionesmvg.es\/?page_id=738"},"modified":"2024-05-22T08:18:14","modified_gmt":"2024-05-22T08:18:14","slug":"electricidad","status":"publish","type":"page","link":"https:\/\/reparacionesmvg.es\/?page_id=738","title":{"rendered":"Electricista"},"content":{"rendered":"\n<div class=\"wp-block-cover\"><span aria-hidden=\"true\" class=\"wp-block-cover__background has-background-dim\"><\/span><img loading=\"lazy\" width=\"474\" height=\"266\" class=\"wp-block-cover__image-background wp-image-739\" alt=\"\" src=\"https:\/\/reparacionesmvg.es\/wp-content\/uploads\/2022\/10\/th-17.jpg\" data-object-fit=\"cover\" srcset=\"https:\/\/reparacionesmvg.es\/wp-content\/uploads\/2022\/10\/th-17.jpg 474w, https:\/\/reparacionesmvg.es\/wp-content\/uploads\/2022\/10\/th-17-300x168.jpg 300w\" sizes=\"(max-width: 474px) 100vw, 474px\" \/><div class=\"wp-block-cover__inner-container\">\n<p class=\"has-text-align-center has-large-font-size\"><strong>Electricista<\/strong><\/p>\n<\/div><\/div>\n\n\n\n<div class=\"wp-container-3 wp-block-columns\">\n<div class=\"wp-container-1 wp-block-column\" style=\"flex-basis:33.33%\">\n<figure class=\"wp-block-image size-full\"><img loading=\"lazy\" width=\"350\" height=\"270\" src=\"https:\/\/reparacionesmvg.es\/wp-content\/uploads\/2024\/05\/Electricista.jpg\" alt=\"\" class=\"wp-image-1003\" srcset=\"https:\/\/reparacionesmvg.es\/wp-content\/uploads\/2024\/05\/Electricista.jpg 350w, https:\/\/reparacionesmvg.es\/wp-content\/uploads\/2024\/05\/Electricista-300x231.jpg 300w\" sizes=\"(max-width: 350px) 100vw, 350px\" \/><\/figure>\n<\/div>\n\n\n\n<div class=\"wp-container-2 wp-block-column\" style=\"flex-basis:66.66%\">\n<p>  <em>En Reparacionesmv S.L somos profesionales dedicados a resolver todo tipo de aver\u00edas las 24 horas del d\u00eda y los 7 d\u00edas de las semana. Las aver\u00edas de tu vivienda o de tu negocio ya no ser\u00e1n un problema, nuestros trabajos son 100% garantizados.<\/em><\/p>\n<\/div>\n<\/div>\n\n\n\n<p><mark style=\"background-color:rgba(0, 0, 0, 0);color:#f7f305\" class=\"has-inline-color\"><strong>No pagues de mas por tus reparaciones, nuestros trabajos son mas econ\u00f3micos porque no existen intermediarios.<\/strong><\/mark><\/p>\n\n\n\n<p><img style=\"width: 30px;\" src=\"https:\/\/s.w.org\/images\/core\/emoji\/14.0.0\/svg\/1f947.svg\" alt=\"\ud83e\udd47\"><strong>ATENCI\u00d3N EN EL D\u00cdA<\/strong><br><em>Podemos atender cualquier instalaci\u00f3n o reparaci\u00f3n el mismo d\u00eda de su llamada..<\/em><\/p>\n\n\n\n<p>\u00a0<img style=\"width: 30px;\" src=\"https:\/\/s.w.org\/images\/core\/emoji\/14.0.0\/svg\/1f947.svg\" alt=\"\ud83e\udd47\"><strong>TRABAJOS CON GARANT\u00cdA<\/strong><br><em>Todos nuestros trabajos est\u00e1n garantizados por escrito con el fin de ofrecerle un servicio de calidad.<\/em><\/p>\n\n\n\n<p>\u00a0<img style=\"width: 30px;\" src=\"https:\/\/s.w.org\/images\/core\/emoji\/14.0.0\/svg\/1f947.svg\" alt=\"\ud83e\udd47\"><strong>MEJOR PRECIO GARANTIZADO<\/strong><br><em>Ofrecemos el servicio m\u00e1s econ\u00f3mico en el sector. Si ya tiene un presupuesto<\/em>\u2026<strong>\u00a1Se lo Mejoramos!<\/strong><\/p>\n\n\n\n<p>\u00a0<img style=\"width: 30px;\" src=\"https:\/\/s.w.org\/images\/core\/emoji\/14.0.0\/svg\/1f947.svg\" alt=\"\ud83e\udd47\"><strong>SIN INTERMEDIARIOS<\/strong><br><em>Hasta un 50% de Descuento en Mano de Obra. Obtenga un mayor ahorro en su factura<\/em>.<\/p>\n\n\n\n<p style=\"font-size:1.2rem\"><em>Reparamos todas las aver\u00edas que pueda tener en su instalaci\u00f3n el\u00e9ctrica, apagones, problemas con el cuadro el\u00e9ctrico, ICP, acometidas, reparaci\u00f3n de enchufes o interruptores en mal estado, cualquier peligro o aver\u00eda en su instalaci\u00f3n ser\u00e1 solucionado r\u00e1pidamente con seguridad y garant\u00eda.<\/em><\/p>\n\n\n\n<p style=\"font-size:1.2rem\"><em>Hacemos instalaciones de cualquier tipo de l\u00e1mpara, apliques, ojos de buey, fluorescentes, focos, nuevos enchufes e interruptores o renovaci\u00f3n de los existentes.<\/em><\/p>\n\n\n\n<p style=\"font-size:1.2rem\"><em>Si ha pensado en hacer una reforma nos encargamos de la instalaci\u00f3n el\u00e9ctrica tanto de su hogar como de su negocio, no dude en consultarnos estamos a su disposici\u00f3n las 24H los 365 d\u00edas del a\u00f1o.<\/em><\/p>\n\n\n\n<div class=\"wp-container-6 wp-block-columns\">\n<div class=\"wp-container-4 wp-block-column\">\n<figure class=\"wp-block-image size-full\"><img loading=\"lazy\" width=\"536\" height=\"386\" src=\"https:\/\/reparacionesmvg.es\/wp-content\/uploads\/2022\/10\/Sin-titulo-12.png\" alt=\"\" class=\"wp-image-743\" srcset=\"https:\/\/reparacionesmvg.es\/wp-content\/uploads\/2022\/10\/Sin-titulo-12.png 536w, https:\/\/reparacionesmvg.es\/wp-content\/uploads\/2022\/10\/Sin-titulo-12-300x216.png 300w\" sizes=\"(max-width: 536px) 100vw, 536px\" \/><\/figure>\n\n\n\n<p class=\"has-text-align-center has-green-background-color has-background has-small-font-size\"><em><strong>Instalaci\u00f3n de todo tipo de ventilado<\/strong><\/em><\/p>\n<\/div>\n\n\n\n<div class=\"wp-container-5 wp-block-column\">\n<figure class=\"wp-block-image size-full\"><img loading=\"lazy\" width=\"541\" height=\"381\" src=\"https:\/\/reparacionesmvg.es\/wp-content\/uploads\/2022\/10\/Sin-titulo-13.png\" alt=\"\" class=\"wp-image-744\" srcset=\"https:\/\/reparacionesmvg.es\/wp-content\/uploads\/2022\/10\/Sin-titulo-13.png 541w, https:\/\/reparacionesmvg.es\/wp-content\/uploads\/2022\/10\/Sin-titulo-13-300x211.png 300w\" sizes=\"(max-width: 541px) 100vw, 541px\" \/><\/figure>\n\n\n\n<p class=\"has-green-background-color has-background has-small-font-size\">       <em><strong>Bombillas fundidas<\/strong><\/em>                        <\/p>\n<\/div>\n<\/div>\n\n\n\n<div class=\"wp-container-9 wp-block-columns\">\n<div class=\"wp-container-7 wp-block-column\">\n<figure class=\"wp-block-image size-full\"><img loading=\"lazy\" width=\"538\" height=\"388\" src=\"https:\/\/reparacionesmvg.es\/wp-content\/uploads\/2022\/10\/Sin-titulo-14.png\" alt=\"\" class=\"wp-image-745\" srcset=\"https:\/\/reparacionesmvg.es\/wp-content\/uploads\/2022\/10\/Sin-titulo-14.png 538w, https:\/\/reparacionesmvg.es\/wp-content\/uploads\/2022\/10\/Sin-titulo-14-300x216.png 300w\" sizes=\"(max-width: 538px) 100vw, 538px\" \/><\/figure>\n\n\n\n<p class=\"has-text-align-center has-green-background-color has-background has-small-font-size\"><em><strong>Fallos con tus tomacorrientes<\/strong><\/em><\/p>\n<\/div>\n\n\n\n<div class=\"wp-container-8 wp-block-column\">\n<figure class=\"wp-block-image size-full\"><img loading=\"lazy\" width=\"536\" height=\"387\" src=\"https:\/\/reparacionesmvg.es\/wp-content\/uploads\/2022\/10\/Sin-titulo-15.png\" alt=\"\" class=\"wp-image-746\" srcset=\"https:\/\/reparacionesmvg.es\/wp-content\/uploads\/2022\/10\/Sin-titulo-15.png 536w, https:\/\/reparacionesmvg.es\/wp-content\/uploads\/2022\/10\/Sin-titulo-15-300x217.png 300w\" sizes=\"(max-width: 536px) 100vw, 536px\" \/><\/figure>\n\n\n\n<p class=\"has-green-background-color has-background has-small-font-size\"><strong><em>Cambio de lamparas<\/em><\/strong>                      <\/p>\n<\/div>\n<\/div>\n\n\n\n<div class=\"wp-container-12 wp-block-columns\">\n<div class=\"wp-container-10 wp-block-column\">\n<figure class=\"wp-block-image size-full\"><img loading=\"lazy\" width=\"454\" height=\"378\" src=\"https:\/\/reparacionesmvg.es\/wp-content\/uploads\/2022\/12\/nuevas-ELECTRICA-1.png\" alt=\"\" class=\"wp-image-862\" srcset=\"https:\/\/reparacionesmvg.es\/wp-content\/uploads\/2022\/12\/nuevas-ELECTRICA-1.png 454w, https:\/\/reparacionesmvg.es\/wp-content\/uploads\/2022\/12\/nuevas-ELECTRICA-1-300x250.png 300w\" sizes=\"(max-width: 454px) 100vw, 454px\" \/><\/figure>\n\n\n\n<p class=\"has-green-background-color has-background\"><strong><em>Nuevas instalaciones<\/em><\/strong><\/p>\n<\/div>\n\n\n\n<div class=\"wp-container-11 wp-block-column\"><\/div>\n<\/div>\n\n\n\n<div class=\"wp-container-15 wp-block-group\"><div class=\"wp-block-group__inner-container\">\n<div class=\"wp-container-14 wp-block-columns\">\n<div class=\"wp-container-13 wp-block-column\" style=\"flex-basis:100%\">\n<iframe src=\"https:\/\/www.google.com\/maps\/embed?pb=!1m18!1m12!1m3!1d400337.6722922226!2d-0.8302912232909908!3d38.38049350140411!2m3!1f0!2f0!3f0!3m2!1i1024!2i768!4f13.1!3m3!1m2!1s0xd6235da3b9dab4b%3A0x1d7da872ac0b81e3!2sAlicante%20(Alacant)%2C%20Alicante!5e0!3m2!1ses!2ses!4v1715883722996!5m2!1ses!2ses\" width=\"600\" height=\"450\" style=\"border:0;\" allowfullscreen=\"\" loading=\"lazy\" referrerpolicy=\"no-referrer-when-downgrade\"><\/iframe>\n<\/div>\n<\/div>\n<\/div><\/div>\n\n\n\n<p><strong>Nuestros servicios son r\u00e1pidos, estamos disponibles en:<\/strong><\/p>\n\n\n\n<p>Alicante, San juan, Villajoyosa, Benidorm, elche, Altea, Calpe, Campello, Finestrat, Jijona, Santa Pola, Torrevieja, Guardamar<\/p>\n","protected":false},"excerpt":{"rendered":"<p>En Reparacionesmv S.L somos profesionales dedicados a resolver todo tipo de aver\u00edas las 24 horas del d\u00eda y los 7 d\u00edas de las semana. Las aver\u00edas de tu vivienda o de tu negocio ya no ser\u00e1n un problema, nuestros trabajos son 100% garantizados. No pagues de mas por tus reparaciones, nuestros trabajos son mas econ\u00f3micos&hellip; <a class=\"more-link\" href=\"https:\/\/reparacionesmvg.es\/?page_id=738\">Seguir leyendo <span class=\"screen-reader-text\">Electricista<\/span><\/a><\/p>\n","protected":false},"author":1,"featured_media":0,"parent":0,"menu_order":0,"comment_status":"closed","ping_status":"closed","template":"","meta":{"om_disable_all_campaigns":false,"inline_featured_image":false,"_monsterinsights_skip_tracking":false,"_monsterinsights_sitenote_active":false,"_monsterinsights_sitenote_note":"","_monsterinsights_sitenote_category":0},"aioseo_notices":[],"uagb_featured_image_src":{"full":false,"thumbnail":false,"medium":false,"medium_large":false,"large":false,"1536x1536":false,"2048x2048":false,"post-thumbnail":false},"uagb_author_info":{"display_name":"aliensr85@gmail.com","author_link":"https:\/\/reparacionesmvg.es\/?author=1"},"uagb_comment_info":0,"uagb_excerpt":"En Reparacionesmv S.L somos profesionales dedicados a resolver todo tipo de aver\u00edas las 24 horas del d\u00eda y los 7 d\u00edas de las semana. Las aver\u00edas de tu vivienda o de tu negocio ya no ser\u00e1n un problema, nuestros trabajos son 100% garantizados. No pagues de mas por tus reparaciones, nuestros trabajos son mas econ\u00f3micos&hellip;&hellip;","_links":{"self":[{"href":"https:\/\/reparacionesmvg.es\/index.php?rest_route=\/wp\/v2\/pages\/738"}],"collection":[{"href":"https:\/\/reparacionesmvg.es\/index.php?rest_route=\/wp\/v2\/pages"}],"about":[{"href":"https:\/\/reparacionesmvg.es\/index.php?rest_route=\/wp\/v2\/types\/page"}],"author":[{"embeddable":true,"href":"https:\/\/reparacionesmvg.es\/index.php?rest_route=\/wp\/v2\/users\/1"}],"replies":[{"embeddable":true,"href":"https:\/\/reparacionesmvg.es\/index.php?rest_route=%2Fwp%2Fv2%2Fcomments&post=738"}],"version-history":[{"count":20,"href":"https:\/\/reparacionesmvg.es\/index.php?rest_route=\/wp\/v2\/pages\/738\/revisions"}],"predecessor-version":[{"id":1009,"href":"https:\/\/reparacionesmvg.es\/index.php?rest_route=\/wp\/v2\/pages\/738\/revisions\/1009"}],"wp:attachment":[{"href":"https:\/\/reparacionesmvg.es\/index.php?rest_route=%2Fwp%2Fv2%2Fmedia&parent=738"}],"curies":[{"name":"wp","href":"https:\/\/api.w.org\/{rel}","templated":true}]}}