{"id":753,"date":"2022-10-04T19:31:39","date_gmt":"2022-10-04T19:31:39","guid":{"rendered":"https:\/\/reparacionesmvg.es\/?page_id=753"},"modified":"2024-05-22T08:33:34","modified_gmt":"2024-05-22T08:33:34","slug":"753-2","status":"publish","type":"page","link":"https:\/\/reparacionesmvg.es\/?page_id=753","title":{"rendered":"Fontanero\u00a0"},"content":{"rendered":"\n<div class=\"wp-block-cover is-light\"><span aria-hidden=\"true\" class=\"wp-block-cover__background has-background-dim\"><\/span><img class=\"wp-block-cover__image-background\" alt=\"\" src=\"https:\/\/reparacionesmvg.es\/wp-content\/uploads\/2022\/10\/Sin-titulo-16.png\" data-object-fit=\"cover\"\/><div class=\"wp-block-cover__inner-container\">\n<p class=\"has-text-align-center has-background-color has-text-color has-extra-large-font-size\">FONTANERO<\/p>\n<\/div><\/div>\n\n\n\n<div class=\"wp-container-3 wp-block-columns\">\n<div class=\"wp-container-1 wp-block-column\" style=\"flex-basis:33.33%\">\n<figure class=\"wp-block-image size-full is-resized\"><img loading=\"lazy\" src=\"https:\/\/reparacionesmvg.es\/wp-content\/uploads\/2024\/05\/reparaciones.jpg\" alt=\"\" class=\"wp-image-1016\" width=\"193\" height=\"245\" srcset=\"https:\/\/reparacionesmvg.es\/wp-content\/uploads\/2024\/05\/reparaciones.jpg 720w, https:\/\/reparacionesmvg.es\/wp-content\/uploads\/2024\/05\/reparaciones-236x300.jpg 236w\" sizes=\"(max-width: 193px) 100vw, 193px\" \/><\/figure>\n<\/div>\n\n\n\n<div class=\"wp-container-2 wp-block-column\" style=\"flex-basis:66.66%\">\n<p>En<em> Reparacionesmv S.L somos profesionales dedicados a resolver todo tipo de aver\u00edas las 24 horas del d\u00eda y los 7 d\u00edas de las semana. Las aver\u00edas de tu vivienda o de tu negocio ya no ser\u00e1n un problema, nuestros trabajos son 100% garantizados.<\/em><\/p>\n<\/div>\n<\/div>\n\n\n\n<p><strong><mark style=\"background-color:rgba(0, 0, 0, 0);color:#fbd605\" class=\"has-inline-color\">No pagues de mas por tus reparaciones, nuestros trabajos son mas econ\u00f3micos porque no existen intermediarios.<\/mark><\/strong><\/p>\n\n\n\n<p><img style=\"width: 30px;\" src=\"https:\/\/s.w.org\/images\/core\/emoji\/14.0.0\/svg\/1f947.svg\" alt=\"\ud83e\udd47\">\u00a0<strong>ATENCI\u00d3N EN EL D\u00cdA<\/strong><br><em>Podemos atender cualquier instalaci\u00f3n o reparaci\u00f3n el mismo d\u00eda de su llamada..<\/em><\/p>\n\n\n\n<p>\u00a0<img style=\"width: 30px;\" src=\"https:\/\/s.w.org\/images\/core\/emoji\/14.0.0\/svg\/1f947.svg\" alt=\"\ud83e\udd47\"><strong>TRABAJOS CON GARANT\u00cdA<\/strong><br><em>Todos nuestros trabajos est\u00e1n garantizados por escrito con el fin de ofrecerle un servicio de calidad.<\/em><\/p>\n\n\n\n<p>\u00a0<img style=\"width: 30px;\" src=\"https:\/\/s.w.org\/images\/core\/emoji\/14.0.0\/svg\/1f947.svg\" alt=\"\ud83e\udd47\"><strong>MEJOR PRECIO GARANTIZADO<\/strong><br><em>Ofrecemos el servicio m\u00e1s econ\u00f3mico en el sector. Si ya tiene un presupuesto<\/em>\u2026<strong>\u00a1Se lo Mejoramos!<\/strong><\/p>\n\n\n\n<p>\u00a0<img style=\"width: 30px;\" src=\"https:\/\/s.w.org\/images\/core\/emoji\/14.0.0\/svg\/1f947.svg\" alt=\"\ud83e\udd47\"><strong>SIN INTERMEDIARIOS<\/strong><br><em>Hasta un 50% de Descuento en Mano de Obra. Obtenga un mayor ahorro en su factura<\/em>.<\/p>\n\n\n\n<p style=\"font-size:1.2rem\"><em><\/em><em>Tener alguna que otra aver\u00eda de fontaner\u00eda es bastante com\u00fan ya que el uso de los diferentes aparatos hace que se desgasten y que se produzcan estas dificultades.<\/em><\/p>\n\n\n\n<div class=\"wp-container-10 wp-block-columns\">\n<div class=\"wp-container-9 wp-block-column\">\n<div class=\"wp-container-8 wp-block-columns\">\n<div class=\"wp-container-5 wp-block-column\">\n<div class=\"wp-duotone-000000-ffffff-4 wp-block-cover\" style=\"min-height:105px\"><span aria-hidden=\"true\" class=\"wp-block-cover__background has-background-dim\"><\/span><img loading=\"lazy\" width=\"380\" height=\"379\" class=\"wp-block-cover__image-background wp-image-833\" alt=\"lllll\n\" src=\"https:\/\/reparacionesmvg.es\/wp-content\/uploads\/2022\/12\/atascos.png\" data-object-fit=\"cover\" srcset=\"https:\/\/reparacionesmvg.es\/wp-content\/uploads\/2022\/12\/atascos.png 380w, https:\/\/reparacionesmvg.es\/wp-content\/uploads\/2022\/12\/atascos-300x300.png 300w, https:\/\/reparacionesmvg.es\/wp-content\/uploads\/2022\/12\/atascos-150x150.png 150w\" sizes=\"(max-width: 380px) 100vw, 380px\" \/><div class=\"wp-block-cover__inner-container\">\n<p class=\"has-text-align-center has-large-font-size\"><strong><kbd>Atascos de tuber\u00edas<\/kbd><\/strong><\/p>\n<\/div><\/div>\n<\/div>\n\n\n\n<div class=\"wp-container-7 wp-block-column\">\n<div class=\"wp-duotone-000000-ffffff-6 wp-block-cover is-light\" style=\"min-height:104px\"><span aria-hidden=\"true\" class=\"wp-block-cover__background has-background-dim\"><\/span><img loading=\"lazy\" width=\"378\" height=\"380\" class=\"wp-block-cover__image-background wp-image-835\" alt=\"\" src=\"https:\/\/reparacionesmvg.es\/wp-content\/uploads\/2022\/12\/cistera-1.png\" data-object-fit=\"cover\" srcset=\"https:\/\/reparacionesmvg.es\/wp-content\/uploads\/2022\/12\/cistera-1.png 378w, https:\/\/reparacionesmvg.es\/wp-content\/uploads\/2022\/12\/cistera-1-298x300.png 298w, https:\/\/reparacionesmvg.es\/wp-content\/uploads\/2022\/12\/cistera-1-150x150.png 150w\" sizes=\"(max-width: 378px) 100vw, 378px\" \/><div class=\"wp-block-cover__inner-container\">\n<p class=\"has-text-align-center has-large-font-size\"><strong>Cisterna pierde agua<\/strong><\/p>\n<\/div><\/div>\n<\/div>\n<\/div>\n<\/div>\n<\/div>\n\n\n\n<div class=\"wp-container-13 wp-block-columns\">\n<div class=\"wp-container-11 wp-block-column\">\n<div class=\"wp-block-cover\" style=\"min-height:108px\"><span aria-hidden=\"true\" class=\"wp-block-cover__background has-background-dim\"><\/span><img loading=\"lazy\" width=\"378\" height=\"380\" class=\"wp-block-cover__image-background wp-image-844\" alt=\"\" src=\"https:\/\/reparacionesmvg.es\/wp-content\/uploads\/2022\/12\/TUBERIAS-ROTA.png\" data-object-fit=\"cover\" srcset=\"https:\/\/reparacionesmvg.es\/wp-content\/uploads\/2022\/12\/TUBERIAS-ROTA.png 378w, https:\/\/reparacionesmvg.es\/wp-content\/uploads\/2022\/12\/TUBERIAS-ROTA-298x300.png 298w, https:\/\/reparacionesmvg.es\/wp-content\/uploads\/2022\/12\/TUBERIAS-ROTA-150x150.png 150w\" sizes=\"(max-width: 378px) 100vw, 378px\" \/><div class=\"wp-block-cover__inner-container\">\n<p class=\"has-text-align-center has-large-font-size\"><strong>Tuber\u00edas rotas<\/strong><\/p>\n<\/div><\/div>\n<\/div>\n\n\n\n<div class=\"wp-container-12 wp-block-column\">\n<div class=\"wp-block-cover\" style=\"min-height:108px\"><span aria-hidden=\"true\" class=\"wp-block-cover__background has-background-dim\"><\/span><img loading=\"lazy\" width=\"377\" height=\"380\" class=\"wp-block-cover__image-background wp-image-848\" alt=\"\" src=\"https:\/\/reparacionesmvg.es\/wp-content\/uploads\/2022\/12\/filtraciones.png\" data-object-fit=\"cover\" srcset=\"https:\/\/reparacionesmvg.es\/wp-content\/uploads\/2022\/12\/filtraciones.png 377w, https:\/\/reparacionesmvg.es\/wp-content\/uploads\/2022\/12\/filtraciones-298x300.png 298w, https:\/\/reparacionesmvg.es\/wp-content\/uploads\/2022\/12\/filtraciones-150x150.png 150w\" sizes=\"(max-width: 377px) 100vw, 377px\" \/><div class=\"wp-block-cover__inner-container\">\n<p class=\"has-text-align-center has-large-font-size\"><strong>Filtraciones <\/strong><\/p>\n<\/div><\/div>\n<\/div>\n<\/div>\n\n\n\n<div class=\"wp-container-16 wp-block-columns\">\n<div class=\"wp-container-14 wp-block-column\">\n<div class=\"wp-block-cover is-light\" style=\"min-height:117px\"><span aria-hidden=\"true\" class=\"wp-block-cover__background has-background-dim\"><\/span><img loading=\"lazy\" width=\"377\" height=\"378\" class=\"wp-block-cover__image-background wp-image-849\" alt=\"\" src=\"https:\/\/reparacionesmvg.es\/wp-content\/uploads\/2022\/12\/drenajes.png\" data-object-fit=\"cover\" srcset=\"https:\/\/reparacionesmvg.es\/wp-content\/uploads\/2022\/12\/drenajes.png 377w, https:\/\/reparacionesmvg.es\/wp-content\/uploads\/2022\/12\/drenajes-300x300.png 300w, https:\/\/reparacionesmvg.es\/wp-content\/uploads\/2022\/12\/drenajes-150x150.png 150w\" sizes=\"(max-width: 377px) 100vw, 377px\" \/><div class=\"wp-block-cover__inner-container\">\n<p class=\"has-text-align-center has-large-font-size\"><strong>Drenajes bloqueados.<\/strong><\/p>\n<\/div><\/div>\n<\/div>\n\n\n\n<div class=\"wp-container-15 wp-block-column\">\n<div class=\"wp-block-cover is-light\" style=\"min-height:117px\"><span aria-hidden=\"true\" class=\"wp-block-cover__background has-background-dim\"><\/span><img loading=\"lazy\" width=\"380\" height=\"379\" class=\"wp-block-cover__image-background wp-image-850\" alt=\"\" src=\"https:\/\/reparacionesmvg.es\/wp-content\/uploads\/2022\/12\/detector.png\" data-object-fit=\"cover\" srcset=\"https:\/\/reparacionesmvg.es\/wp-content\/uploads\/2022\/12\/detector.png 380w, https:\/\/reparacionesmvg.es\/wp-content\/uploads\/2022\/12\/detector-300x300.png 300w, https:\/\/reparacionesmvg.es\/wp-content\/uploads\/2022\/12\/detector-150x150.png 150w\" sizes=\"(max-width: 380px) 100vw, 380px\" \/><div class=\"wp-block-cover__inner-container\">\n<p class=\"has-text-align-center has-large-font-size\"><strong>Detectamos fugas<\/strong><\/p>\n<\/div><\/div>\n<\/div>\n<\/div>\n\n\n\n<div class=\"wp-container-19 wp-block-columns\">\n<div class=\"wp-container-17 wp-block-column\">\n<div class=\"wp-block-cover is-light\" style=\"min-height:114px\"><span aria-hidden=\"true\" class=\"wp-block-cover__background has-background-dim\"><\/span><img loading=\"lazy\" width=\"379\" height=\"379\" class=\"wp-block-cover__image-background wp-image-854\" alt=\"\" src=\"https:\/\/reparacionesmvg.es\/wp-content\/uploads\/2022\/12\/calentador.png\" data-object-fit=\"cover\" srcset=\"https:\/\/reparacionesmvg.es\/wp-content\/uploads\/2022\/12\/calentador.png 379w, https:\/\/reparacionesmvg.es\/wp-content\/uploads\/2022\/12\/calentador-300x300.png 300w, https:\/\/reparacionesmvg.es\/wp-content\/uploads\/2022\/12\/calentador-150x150.png 150w\" sizes=\"(max-width: 379px) 100vw, 379px\" \/><div class=\"wp-block-cover__inner-container\">\n<p class=\"has-text-align-center has-large-font-size\"><strong>Cambio de calentadores<\/strong><\/p>\n<\/div><\/div>\n<\/div>\n\n\n\n<div class=\"wp-container-18 wp-block-column\">\n<div class=\"wp-block-cover\" style=\"min-height:114px\"><span aria-hidden=\"true\" class=\"wp-block-cover__background has-background-dim\"><\/span><img loading=\"lazy\" width=\"381\" height=\"379\" class=\"wp-block-cover__image-background wp-image-857\" alt=\"\" src=\"https:\/\/reparacionesmvg.es\/wp-content\/uploads\/2022\/12\/nuevas.png\" data-object-fit=\"cover\" srcset=\"https:\/\/reparacionesmvg.es\/wp-content\/uploads\/2022\/12\/nuevas.png 381w, https:\/\/reparacionesmvg.es\/wp-content\/uploads\/2022\/12\/nuevas-300x298.png 300w, https:\/\/reparacionesmvg.es\/wp-content\/uploads\/2022\/12\/nuevas-150x150.png 150w\" sizes=\"(max-width: 381px) 100vw, 381px\" \/><div class=\"wp-block-cover__inner-container\">\n<p class=\"has-text-align-center has-large-font-size\"><strong>Nuevas instalaciones<\/strong><\/p>\n<\/div><\/div>\n<\/div>\n<\/div>\n\n\n\n<p style=\"font-size:1.2rem\"><em>las soluciones para ellos las tenemos no dudes en contactarnos.<\/em><\/p>\n\n\n\n<div class=\"wp-container-20 wp-block-group\"><div class=\"wp-block-group__inner-container\">\n<iframe src=\"https:\/\/www.google.com\/maps\/embed?pb=!1m18!1m12!1m3!1d400337.6722922226!2d-0.8302912232909908!3d38.38049350140411!2m3!1f0!2f0!3f0!3m2!1i1024!2i768!4f13.1!3m3!1m2!1s0xd6235da3b9dab4b%3A0x1d7da872ac0b81e3!2sAlicante%20(Alacant)%2C%20Alicante!5e0!3m2!1ses!2ses!4v1715883722996!5m2!1ses!2ses\" width=\"600\" height=\"450\" style=\"border:0;\" allowfullscreen=\"\" loading=\"lazy\" referrerpolicy=\"no-referrer-when-downgrade\"><\/iframe>\n<\/div><\/div>\n\n\n\n<p><strong>Nuestros servicios son r\u00e1pidos, estamos disponibles en:<\/strong><\/p>\n\n\n\n<p>Alicante, San juan, Villajoyosa, Benidorm, elche, Altea, Calpe. Campello, Finestrat, Jijona, Santa Pola, Torrevieja, Guardamar<\/p>\n","protected":false},"excerpt":{"rendered":"<p>En Reparacionesmv S.L somos profesionales dedicados a resolver todo tipo de aver\u00edas las 24 horas del d\u00eda y los 7 d\u00edas de las semana. Las aver\u00edas de tu vivienda o de tu negocio ya no ser\u00e1n un problema, nuestros trabajos son 100% garantizados. No pagues de mas por tus reparaciones, nuestros trabajos son mas econ\u00f3micos&hellip; <a class=\"more-link\" href=\"https:\/\/reparacionesmvg.es\/?page_id=753\">Seguir leyendo <span class=\"screen-reader-text\">Fontanero\u00a0<\/span><\/a><\/p>\n","protected":false},"author":1,"featured_media":0,"parent":0,"menu_order":0,"comment_status":"closed","ping_status":"closed","template":"","meta":{"om_disable_all_campaigns":false,"inline_featured_image":false,"_monsterinsights_skip_tracking":false,"_monsterinsights_sitenote_active":false,"_monsterinsights_sitenote_note":"","_monsterinsights_sitenote_category":0},"aioseo_notices":[],"uagb_featured_image_src":{"full":false,"thumbnail":false,"medium":false,"medium_large":false,"large":false,"1536x1536":false,"2048x2048":false,"post-thumbnail":false},"uagb_author_info":{"display_name":"aliensr85@gmail.com","author_link":"https:\/\/reparacionesmvg.es\/?author=1"},"uagb_comment_info":0,"uagb_excerpt":"En Reparacionesmv S.L somos profesionales dedicados a resolver todo tipo de aver\u00edas las 24 horas del d\u00eda y los 7 d\u00edas de las semana. Las aver\u00edas de tu vivienda o de tu negocio ya no ser\u00e1n un problema, nuestros trabajos son 100% garantizados. No pagues de mas por tus reparaciones, nuestros trabajos son mas econ\u00f3micos&hellip;&hellip;","_links":{"self":[{"href":"https:\/\/reparacionesmvg.es\/index.php?rest_route=\/wp\/v2\/pages\/753"}],"collection":[{"href":"https:\/\/reparacionesmvg.es\/index.php?rest_route=\/wp\/v2\/pages"}],"about":[{"href":"https:\/\/reparacionesmvg.es\/index.php?rest_route=\/wp\/v2\/types\/page"}],"author":[{"embeddable":true,"href":"https:\/\/reparacionesmvg.es\/index.php?rest_route=\/wp\/v2\/users\/1"}],"replies":[{"embeddable":true,"href":"https:\/\/reparacionesmvg.es\/index.php?rest_route=%2Fwp%2Fv2%2Fcomments&post=753"}],"version-history":[{"count":27,"href":"https:\/\/reparacionesmvg.es\/index.php?rest_route=\/wp\/v2\/pages\/753\/revisions"}],"predecessor-version":[{"id":1020,"href":"https:\/\/reparacionesmvg.es\/index.php?rest_route=\/wp\/v2\/pages\/753\/revisions\/1020"}],"wp:attachment":[{"href":"https:\/\/reparacionesmvg.es\/index.php?rest_route=%2Fwp%2Fv2%2Fmedia&parent=753"}],"curies":[{"name":"wp","href":"https:\/\/api.w.org\/{rel}","templated":true}]}}